{"id":12490,"date":"2020-10-31T17:58:28","date_gmt":"2020-10-31T16:58:28","guid":{"rendered":"https:\/\/algarvtennis.com\/testemunhos\/"},"modified":"2020-11-09T14:20:46","modified_gmt":"2020-11-09T13:20:46","slug":"testemunhos","status":"publish","type":"page","link":"https:\/\/algarvtennis.com\/pt-pt\/testemunhos\/","title":{"rendered":"Testemunhos"},"content":{"rendered":"<p><div class=\"fusion-fullwidth fullwidth-box fusion-builder-row-1 nonhundred-percent-fullwidth non-hundred-percent-height-scrolling\" style=\"background-color: #ffffff;background-position: center center;background-repeat: no-repeat;padding-top:0px;padding-right:0px;padding-bottom:0px;padding-left:0px;margin-bottom: 0px;margin-top: 0px;border-width: 0px 0px 0px 0px;border-color:#eae9e9;border-style:solid;\" ><div class=\"fusion-builder-row fusion-row\"><div class=\"fusion-layout-column fusion_builder_column fusion-builder-column-0 fusion_builder_column_1_1 1_1 fusion-one-full fusion-column-first fusion-column-last\" style=\"margin-top:0px;margin-bottom:20px;\"><div class=\"fusion-column-wrapper fusion-flex-column-wrapper-legacy\" style=\"background-position:left top;background-repeat:no-repeat;-webkit-background-size:cover;-moz-background-size:cover;-o-background-size:cover;background-size:cover;padding: 0px 0px 0px 0px;\"><style type='text\/css'>.reading-box-container-1 .element-bottomshadow:before,.reading-box-container-1 .element-bottomshadow:after{opacity:0.70;}<\/style><div class=\"fusion-reading-box-container reading-box-container-1 fusion-animated\" data-animationType=\"slideInUp\" data-animationDuration=\"0.5\" data-animationOffset=\"top-into-view\" style=\"margin-top:0px;margin-bottom:30px;\"><div class=\"reading-box reading-box-center element-bottomshadow\" style=\"background-color:#ffffff;border-width:1px;border-color:#f6f6f6;border-top-width:3px;border-top-color:var(--primary_color);border-style:solid;\"><h2>O que os nossos clientes est\u00e3o dizendo sobre n\u00f3s<\/h2><div class=\"reading-box-additional fusion-reading-box-additional\">\n<p>Dizer que somos bons no que fazemos \u00e9 praticamente o que todos os neg\u00f3cios inteligentes dizem; \u00e9 na sua literatura, na sua web e ativamente vendida pela sua for\u00e7a de vendas. N\u00e3o somos diferentes a esse respeito, mas estamos continuamente conscientes se estamos \u00e0 altura das expectativas que nos propusemos. Assim, para fornecer uma opini\u00e3o imparcial sobre as nossas capacidades do ponto de vista dos nossos clientes, dedic\u00e1mos esta p\u00e1gina apenas ao seu feedback de valor. Em alternativa, para aqueles que gostariam de ouvi-lo da &#8216;boca do cavalo&#8217;, temos uma sele\u00e7\u00e3o de clientes que gentilmente optaram por oferecer a sua opini\u00e3o incorp\u00f3xida sobre n\u00f3s e os nossos servi\u00e7os \u2013 basta informar-nos do seu volume pretendido de textos (e rota preferida) e fornecer-lhe-emos os detalhes de contacto de um dos nossos clientes que mais pr\u00f3ximos correspondam \u00e0s suas necessidades.<\/p>\n<\/div><div class=\"fusion-clearfix\"><\/div><\/div><\/div><div class=\"fusion-clearfix\"><\/div><\/div><\/div><\/div><\/div><div class=\"fusion-fullwidth fullwidth-box fusion-builder-row-2 fusion-parallax-fixed green-gradient-overlay nonhundred-percent-fullwidth non-hundred-percent-height-scrolling fusion-equal-height-columns\" style=\"background-color: #8bc34a;background-image: url(&quot;https:\/\/dev.algarvtennis.com\/wp-content\/uploads\/2019\/08\/full-testimonials-bg.jpg&quot;);background-position: center center;background-repeat: no-repeat;padding-top:50px;padding-right:0px;padding-bottom:50px;padding-left:0px;margin-bottom: -40px;margin-top: 0px;border-width: 0px 0px 0px 0px;border-color:#eae9e9;border-style:solid;-webkit-background-size:cover;-moz-background-size:cover;-o-background-size:cover;background-size:cover;background-attachment:fixed;\" ><div class=\"fusion-builder-row fusion-row\"><div class=\"fusion-layout-column fusion_builder_column fusion-builder-column-1 fusion_builder_column_1_2 1_2 fusion-one-half fusion-column-first fusion-animated\" style=\"width:50%;width:calc(50% - ( ( 4% ) * 0.5 ) );margin-right: 4%;margin-top:30px;margin-bottom:2%;\" data-animationType=\"slideInLeft\" data-animationDuration=\"0.6\" data-animationOffset=\"top-into-view\"><div class=\"fusion-column-wrapper fusion-flex-column-wrapper-legacy\" style=\"background-position:left top;background-repeat:no-repeat;-webkit-background-size:cover;-moz-background-size:cover;-o-background-size:cover;background-size:cover;background-color:#ffffff;border:1px solid #e4ebf1;padding: 10% 10% 5% 10%;\"><div class=\"fusion-column-content-centered\"><div class=\"fusion-column-content\"><style type=\"text\/css\"><\/style><div class=\"fusion-title title fusion-title-1 fusion-sep-none fusion-title-center fusion-title-text fusion-title-size-three\" style=\"margin-top:30px;margin-right:0px;margin-bottom:31px;margin-left:0px;\"><h3 class=\"title-heading-center\" style=\"margin:0;\"><h2 class=\"green-text\">WOW \u2013 A equipa do T\u00e9nis do Algarve fez um excelente trabalho<\/h2><\/h3><\/div><div class=\"fusion-text fusion-text-1\"><p>&#8220;WOW \u2013 A equipa do T\u00e9nis do Algarve tem feito um excelente trabalho na constru\u00e7\u00e3o do nosso campo de t\u00e9nis e transformou um espa\u00e7o raramente utilizado na nossa propriedade numa novidade impressionante. A equipa concluiu um dif\u00edcil apuramento do local, reencaminhamento de comodidades e reconstru\u00e7\u00e3o de tudo dentro dos prazos acordados. O t\u00e9nis algarvio \u00e9 claramente uma empresa experiente na constru\u00e7\u00e3o de campos de t\u00e9nis e foi capaz de garantir que a constru\u00e7\u00e3o foi suave ao longo de todo, oferecendo solu\u00e7\u00f5es sensatas onde surgiram quaisquer problemas, completando todo o trabalho de repara\u00e7\u00e3o e deixando o local impec\u00e1vel. Todos os que visitam ou jogam est\u00e3o impressionados tanto com a constru\u00e7\u00e3o como com a superf\u00edcie. \u2013Recomenda vivamente o T\u00e9nis Algarve a quem pretenda construir um campo de t\u00e9nis ou onde seja necess\u00e1ria experi\u00eancia semelhante. UAU- INCR\u00cdVEL!&#8221;<\/p>\n<\/div><style type=\"text\/css\"><\/style><div class=\"fusion-title title fusion-title-2 fusion-sep-none fusion-title-center fusion-title-text fusion-title-size-three\" style=\"margin-top:30px;margin-right:0px;margin-bottom:31px;margin-left:0px;\"><h3 class=\"title-heading-center\" style=\"margin:0;\"><strong>Richard Bennett<\/strong><\/h3><\/div><\/div><\/div><div class=\"fusion-clearfix\"><\/div><\/div><\/div><div class=\"fusion-layout-column fusion_builder_column fusion-builder-column-2 fusion_builder_column_1_2 1_2 fusion-one-half fusion-column-last fusion-animated\" style=\"width:50%;width:calc(50% - ( ( 4% ) * 0.5 ) );margin-top:30px;margin-bottom:2%;\" data-animationType=\"slideInRight\" data-animationDuration=\"0.6\" data-animationOffset=\"top-into-view\"><div class=\"fusion-column-wrapper fusion-flex-column-wrapper-legacy\" style=\"background-position:left top;background-repeat:no-repeat;-webkit-background-size:cover;-moz-background-size:cover;-o-background-size:cover;background-size:cover;background-color:#ffffff;border:1px solid #e4ebf1;padding: 10% 10% 5% 10%;\"><div class=\"fusion-column-content-centered\"><div class=\"fusion-column-content\"><style type=\"text\/css\"><\/style><div class=\"fusion-title title fusion-title-3 fusion-sep-none fusion-title-center fusion-title-text fusion-title-size-three\" style=\"margin-top:30px;margin-right:0px;margin-bottom:31px;margin-left:0px;\"><h3 class=\"title-heading-center\" style=\"margin:0;\"><h2 class=\"green-text\">Olhei em volta e considero fortemente que algarvTennis era a melhor solu\u00e7\u00e3o<\/h2><\/h3><\/div><div class=\"fusion-text fusion-text-2\"><p>&#8220;Ol\u00e1, s\u00f3 queria agradecer pelo grande trabalho. Estou no campo todos os dias \u00e0 procura de novas formas de melhorar o meu jogo e descobrir que foi o melhor investimento que j\u00e1 fiz em algum tempo. Sou praticamente novo neste desporto, sempre quis faz\u00ea-lo, mas nunca tive tempo suficiente, ter um grande tribunal elimina a preocupa\u00e7\u00e3o, o agiota, a frustra\u00e7\u00e3o. Olhei em volta e considero fortemente que algarvTennis foi a melhor solu\u00e7\u00e3o para mim e estou feliz com a minha decis\u00e3o. Obrigado, pessoal!&#8221;<\/p>\n<\/div><style type=\"text\/css\"><\/style><div class=\"fusion-title title fusion-title-4 fusion-sep-none fusion-title-center fusion-title-text fusion-title-size-three\" style=\"margin-top:30px;margin-right:0px;margin-bottom:31px;margin-left:0px;\"><h3 class=\"title-heading-center\" style=\"margin:0;\"><strong>Stiggandr<\/strong><\/h3><\/div><\/div><\/div><div class=\"fusion-clearfix\"><\/div><\/div><\/div><div class=\"fusion-layout-column fusion_builder_column fusion-builder-column-3 fusion_builder_column_1_2 1_2 fusion-one-half fusion-column-first fusion-animated\" style=\"width:50%;width:calc(50% - ( ( 4% ) * 0.5 ) );margin-right: 4%;margin-top:30px;margin-bottom:2%;\" data-animationType=\"slideInLeft\" data-animationDuration=\"0.6\" data-animationOffset=\"top-into-view\"><div class=\"fusion-column-wrapper fusion-flex-column-wrapper-legacy\" style=\"background-position:left top;background-repeat:no-repeat;-webkit-background-size:cover;-moz-background-size:cover;-o-background-size:cover;background-size:cover;background-color:#ffffff;border:1px solid #e4ebf1;padding: 10% 10% 5% 10%;\"><div class=\"fusion-column-content-centered\"><div class=\"fusion-column-content\"><style type=\"text\/css\"><\/style><div class=\"fusion-title title fusion-title-5 fusion-sep-none fusion-title-center fusion-title-text fusion-title-size-three\" style=\"margin-top:30px;margin-right:0px;margin-bottom:31px;margin-left:0px;\"><h3 class=\"title-heading-center\" style=\"margin:0;\"><h2 class=\"green-text\">AlgarvTennis \u00e9 o melhor que j\u00e1 contra\u00ed!<\/h2><\/h3><\/div><div class=\"fusion-text fusion-text-3\"><p>&#8220;AlgarvTennis \u00e9 o melhor que j\u00e1 contra\u00ed! AlgarvTennis tem os melhores profissionais! Continue a faz\u00ea-lo!<\/p>\n<\/div><style type=\"text\/css\"><\/style><div class=\"fusion-title title fusion-title-6 fusion-sep-none fusion-title-center fusion-title-text fusion-title-size-three\" style=\"margin-top:30px;margin-right:0px;margin-bottom:31px;margin-left:0px;\"><h3 class=\"title-heading-center\" style=\"margin:0;\"><strong>Jo\u00e3o<\/strong><\/h3><\/div><\/div><\/div><div class=\"fusion-clearfix\"><\/div><\/div><\/div><div class=\"fusion-layout-column fusion_builder_column fusion-builder-column-4 fusion_builder_column_1_2 1_2 fusion-one-half fusion-column-last fusion-animated\" style=\"width:50%;width:calc(50% - ( ( 4% ) * 0.5 ) );margin-top:30px;margin-bottom:2%;\" data-animationType=\"slideInRight\" data-animationDuration=\"0.6\" data-animationOffset=\"top-into-view\"><div class=\"fusion-column-wrapper fusion-flex-column-wrapper-legacy\" style=\"background-position:left top;background-repeat:no-repeat;-webkit-background-size:cover;-moz-background-size:cover;-o-background-size:cover;background-size:cover;background-color:#ffffff;border:1px solid #e4ebf1;padding: 10% 10% 5% 10%;\"><div class=\"fusion-column-content-centered\"><div class=\"fusion-column-content\"><style type=\"text\/css\"><\/style><div class=\"fusion-title title fusion-title-7 fusion-sep-none fusion-title-center fusion-title-text fusion-title-size-three\" style=\"margin-top:30px;margin-right:0px;margin-bottom:31px;margin-left:0px;\"><h3 class=\"title-heading-center\" style=\"margin:0;\"><h2 class=\"green-text\">Vou diz\u00ea-lo em franc\u00eas &#8220;Bravo&#8221; pelo seu trabalho!<\/h2><\/h3><\/div><div class=\"fusion-text fusion-text-4\"><p>&#8220;Contra\u00ed esta empresa e gostaria de a recomendar a todos os interessados na constru\u00e7\u00e3o de um grande campo de t\u00e9nis. \u00c9 muito conveniente e as pessoas s\u00e3o muito profissionais. Vou diz\u00ea-lo em franc\u00eas &#8220;Bravo&#8221; pelo seu trabalho!<\/p>\n<\/div><style type=\"text\/css\"><\/style><div class=\"fusion-title title fusion-title-8 fusion-sep-none fusion-title-center fusion-title-text fusion-title-size-three\" style=\"margin-top:30px;margin-right:0px;margin-bottom:31px;margin-left:0px;\"><h3 class=\"title-heading-center\" style=\"margin:0;\"><strong>Sim\u00e3o F.<\/strong><\/h3><\/div><\/div><\/div><div class=\"fusion-clearfix\"><\/div><\/div><\/div><div class=\"fusion-layout-column fusion_builder_column fusion-builder-column-5 fusion_builder_column_1_2 1_2 fusion-one-half fusion-column-first fusion-animated\" style=\"width:50%;width:calc(50% - ( ( 4% ) * 0.5 ) );margin-right: 4%;margin-top:30px;margin-bottom:2%;\" data-animationType=\"slideInLeft\" data-animationDuration=\"0.6\" data-animationOffset=\"top-into-view\"><div class=\"fusion-column-wrapper fusion-flex-column-wrapper-legacy\" style=\"background-position:left top;background-repeat:no-repeat;-webkit-background-size:cover;-moz-background-size:cover;-o-background-size:cover;background-size:cover;background-color:#ffffff;border:1px solid #e4ebf1;padding: 10% 10% 5% 10%;\"><div class=\"fusion-column-content-centered\"><div class=\"fusion-column-content\"><style type=\"text\/css\"><\/style><div class=\"fusion-title title fusion-title-9 fusion-sep-none fusion-title-center fusion-title-text fusion-title-size-three\" style=\"margin-top:30px;margin-right:0px;margin-bottom:31px;margin-left:0px;\"><h3 class=\"title-heading-center\" style=\"margin:0;\"><h2 class=\"green-text\">Alex ajudou-me acima e al\u00e9m e foi mais do que paciente<\/h2><\/h3><\/div><div class=\"fusion-text fusion-text-5\"><p>&#8220;Pessoas incr\u00edveis e trabalho de primeira, como n\u00e3o sou um conhecedor, o Alex ajudou-me mais do que paciente, as suas ideias eram \u00f3timas, ele tem um cuidado genu\u00edno por ti para desfrutares da tua corte&#8230; trabalho altamente recomendado e empresa!<\/p>\n<\/div><style type=\"text\/css\"><\/style><div class=\"fusion-title title fusion-title-10 fusion-sep-none fusion-title-center fusion-title-text fusion-title-size-three\" style=\"margin-top:30px;margin-right:0px;margin-bottom:31px;margin-left:0px;\"><h3 class=\"title-heading-center\" style=\"margin:0;\"><strong>Ben H.<\/strong><\/h3><\/div><\/div><\/div><div class=\"fusion-clearfix\"><\/div><\/div><\/div><div class=\"fusion-layout-column fusion_builder_column fusion-builder-column-6 fusion_builder_column_1_2 1_2 fusion-one-half fusion-column-last fusion-animated\" style=\"width:50%;width:calc(50% - ( ( 4% ) * 0.5 ) );margin-top:30px;margin-bottom:2%;\" data-animationType=\"slideInRight\" data-animationDuration=\"0.6\" data-animationOffset=\"top-into-view\"><div class=\"fusion-column-wrapper fusion-flex-column-wrapper-legacy\" style=\"background-position:left top;background-repeat:no-repeat;-webkit-background-size:cover;-moz-background-size:cover;-o-background-size:cover;background-size:cover;background-color:#ffffff;border:1px solid #e4ebf1;padding: 10% 10% 5% 10%;\"><div class=\"fusion-column-content-centered\"><div class=\"fusion-column-content\"><style type=\"text\/css\"><\/style><div class=\"fusion-title title fusion-title-11 fusion-sep-none fusion-title-center fusion-title-text fusion-title-size-three\" style=\"margin-top:30px;margin-right:0px;margin-bottom:31px;margin-left:0px;\"><h3 class=\"title-heading-center\" style=\"margin:0;\"><h2 class=\"green-text\">Isto \u00e9 o que eu chamo de &#8220;milha extra&#8221; na rela\u00e7\u00e3o com o cliente<\/h2><\/h3><\/div><div class=\"fusion-text fusion-text-6\"><p>&#8220;Deixe-me dizer algo. Tens uma grande equipa e fazes um trabalho incr\u00edvel\/incr\u00edvel. Ajudaram-me no meu projeto com grandes sugest\u00f5es. Isto \u00e9 o que eu chamo de &#8220;milha extra&#8221; na rela\u00e7\u00e3o com o cliente. Ent\u00e3o dei 5 estrelas para o trabalho!<\/p>\n<\/div><style type=\"text\/css\"><\/style><div class=\"fusion-title title fusion-title-12 fusion-sep-none fusion-title-center fusion-title-text fusion-title-size-three\" style=\"margin-top:30px;margin-right:0px;margin-bottom:31px;margin-left:0px;\"><h3 class=\"title-heading-center\" style=\"margin:0;\"><strong>Rodrigo<\/strong><\/h3><\/div><\/div><\/div><div class=\"fusion-clearfix\"><\/div><\/div><\/div><\/div><\/div><\/p>\n","protected":false},"excerpt":{"rendered":"","protected":false},"author":1,"featured_media":0,"parent":0,"menu_order":0,"comment_status":"open","ping_status":"closed","template":"100-width.php","meta":[],"acf":[],"yoast_head":"<!-- This site is optimized with the Yoast SEO Premium plugin v17.9 (Yoast SEO v17.9) - https:\/\/yoast.com\/wordpress\/plugins\/seo\/ -->\n<title>Testemunhos - AlgarvTennis, Tennis Court Contractor and Synthetic Grass Solutions<\/title>\n<meta name=\"robots\" content=\"index, follow, max-snippet:-1, max-image-preview:large, max-video-preview:-1\" \/>\n<link rel=\"canonical\" href=\"https:\/\/algarvtennis.com\/pt-pt\/testemunhos\/\" \/>\n<meta property=\"og:locale\" content=\"pt_PT\" \/>\n<meta property=\"og:type\" content=\"article\" \/>\n<meta property=\"og:title\" content=\"Testemunhos\" \/>\n<meta property=\"og:url\" content=\"https:\/\/algarvtennis.com\/pt-pt\/testemunhos\/\" \/>\n<meta property=\"og:site_name\" content=\"AlgarvTennis, Tennis Court Contractor and Synthetic Grass Solutions\" \/>\n<meta property=\"article:publisher\" content=\"https:\/\/www.facebook.com\/Algarvtennis-sports-surfaces-construction-820243491355144\/\" \/>\n<meta property=\"article:modified_time\" content=\"2020-11-09T13:20:46+00:00\" \/>\n<meta name=\"twitter:card\" content=\"summary_large_image\" \/>\n<meta name=\"twitter:label1\" content=\"Tempo estimado de leitura\" \/>\n\t<meta name=\"twitter:data1\" content=\"11 minutos\" \/>\n<script type=\"application\/ld+json\" class=\"yoast-schema-graph\">{\"@context\":\"https:\/\/schema.org\",\"@graph\":[{\"@type\":[\"Organization\",\"Place\"],\"@id\":\"https:\/\/algarvtennis.com\/#organization\",\"name\":\"Algarvtennis - Tennis Court Contractor\",\"url\":\"https:\/\/algarvtennis.com\/\",\"sameAs\":[\"https:\/\/www.facebook.com\/Algarvtennis-sports-surfaces-construction-820243491355144\/\",\"https:\/\/www.instagram.com\/algarv_tennis\/\"],\"logo\":{\"@id\":\"https:\/\/algarvtennis.com\/pt-pt\/testemunhos\/#local-main-organization-logo\"},\"image\":{\"@id\":\"https:\/\/algarvtennis.com\/pt-pt\/testemunhos\/#local-main-organization-logo\"},\"openingHoursSpecification\":[{\"@type\":\"OpeningHoursSpecification\",\"dayOfWeek\":[\"Monday\",\"Tuesday\",\"Wednesday\",\"Thursday\",\"Friday\",\"Saturday\",\"Sunday\"],\"opens\":\"09:00\",\"closes\":\"17:00\"}]},{\"@type\":\"WebSite\",\"@id\":\"https:\/\/algarvtennis.com\/#website\",\"url\":\"https:\/\/algarvtennis.com\/\",\"name\":\"AlgarvTennis, Tennis Court Contractor and Synthetic Grass Solutions\",\"description\":\"Sports Surfaces and Syntethic Grass Installation in the Algarve, Portugal\",\"publisher\":{\"@id\":\"https:\/\/algarvtennis.com\/#organization\"},\"potentialAction\":[{\"@type\":\"SearchAction\",\"target\":{\"@type\":\"EntryPoint\",\"urlTemplate\":\"https:\/\/algarvtennis.com\/?s={search_term_string}\"},\"query-input\":\"required name=search_term_string\"}],\"inLanguage\":\"pt-PT\"},{\"@type\":\"WebPage\",\"@id\":\"https:\/\/algarvtennis.com\/pt-pt\/testemunhos\/#webpage\",\"url\":\"https:\/\/algarvtennis.com\/pt-pt\/testemunhos\/\",\"name\":\"Testemunhos - AlgarvTennis, Tennis Court Contractor and Synthetic Grass Solutions\",\"isPartOf\":{\"@id\":\"https:\/\/algarvtennis.com\/#website\"},\"datePublished\":\"2020-10-31T16:58:28+00:00\",\"dateModified\":\"2020-11-09T13:20:46+00:00\",\"breadcrumb\":{\"@id\":\"https:\/\/algarvtennis.com\/pt-pt\/testemunhos\/#breadcrumb\"},\"inLanguage\":\"pt-PT\",\"potentialAction\":[{\"@type\":\"ReadAction\",\"target\":[\"https:\/\/algarvtennis.com\/pt-pt\/testemunhos\/\"]}]},{\"@type\":\"BreadcrumbList\",\"@id\":\"https:\/\/algarvtennis.com\/pt-pt\/testemunhos\/#breadcrumb\",\"itemListElement\":[{\"@type\":\"ListItem\",\"position\":1,\"name\":\"Home\",\"item\":\"https:\/\/algarvtennis.com\/pt-pt\/algarvtennis-homepage\/\"},{\"@type\":\"ListItem\",\"position\":2,\"name\":\"Testemunhos\"}]},{\"@type\":\"ImageObject\",\"@id\":\"https:\/\/algarvtennis.com\/pt-pt\/testemunhos\/#local-main-organization-logo\",\"inLanguage\":\"pt-PT\",\"url\":\"https:\/\/algarvtennis.com\/wp-content\/uploads\/2019\/08\/algarvtennis-logo.png\",\"contentUrl\":\"https:\/\/algarvtennis.com\/wp-content\/uploads\/2019\/08\/algarvtennis-logo.png\",\"width\":270,\"height\":83,\"caption\":\"Algarvtennis - Tennis Court Contractor\"}]}<\/script>\n<!-- \/ Yoast SEO Premium plugin. -->","yoast_head_json":{"title":"Testemunhos - AlgarvTennis, Tennis Court Contractor and Synthetic Grass Solutions","robots":{"index":"index","follow":"follow","max-snippet":"max-snippet:-1","max-image-preview":"max-image-preview:large","max-video-preview":"max-video-preview:-1"},"canonical":"https:\/\/algarvtennis.com\/pt-pt\/testemunhos\/","og_locale":"pt_PT","og_type":"article","og_title":"Testemunhos","og_url":"https:\/\/algarvtennis.com\/pt-pt\/testemunhos\/","og_site_name":"AlgarvTennis, Tennis Court Contractor and Synthetic Grass Solutions","article_publisher":"https:\/\/www.facebook.com\/Algarvtennis-sports-surfaces-construction-820243491355144\/","article_modified_time":"2020-11-09T13:20:46+00:00","twitter_card":"summary_large_image","twitter_misc":{"Tempo estimado de leitura":"11 minutos"},"schema":{"@context":"https:\/\/schema.org","@graph":[{"@type":["Organization","Place"],"@id":"https:\/\/algarvtennis.com\/#organization","name":"Algarvtennis - Tennis Court Contractor","url":"https:\/\/algarvtennis.com\/","sameAs":["https:\/\/www.facebook.com\/Algarvtennis-sports-surfaces-construction-820243491355144\/","https:\/\/www.instagram.com\/algarv_tennis\/"],"logo":{"@id":"https:\/\/algarvtennis.com\/pt-pt\/testemunhos\/#local-main-organization-logo"},"image":{"@id":"https:\/\/algarvtennis.com\/pt-pt\/testemunhos\/#local-main-organization-logo"},"openingHoursSpecification":[{"@type":"OpeningHoursSpecification","dayOfWeek":["Monday","Tuesday","Wednesday","Thursday","Friday","Saturday","Sunday"],"opens":"09:00","closes":"17:00"}]},{"@type":"WebSite","@id":"https:\/\/algarvtennis.com\/#website","url":"https:\/\/algarvtennis.com\/","name":"AlgarvTennis, Tennis Court Contractor and Synthetic Grass Solutions","description":"Sports Surfaces and Syntethic Grass Installation in the Algarve, Portugal","publisher":{"@id":"https:\/\/algarvtennis.com\/#organization"},"potentialAction":[{"@type":"SearchAction","target":{"@type":"EntryPoint","urlTemplate":"https:\/\/algarvtennis.com\/?s={search_term_string}"},"query-input":"required name=search_term_string"}],"inLanguage":"pt-PT"},{"@type":"WebPage","@id":"https:\/\/algarvtennis.com\/pt-pt\/testemunhos\/#webpage","url":"https:\/\/algarvtennis.com\/pt-pt\/testemunhos\/","name":"Testemunhos - AlgarvTennis, Tennis Court Contractor and Synthetic Grass Solutions","isPartOf":{"@id":"https:\/\/algarvtennis.com\/#website"},"datePublished":"2020-10-31T16:58:28+00:00","dateModified":"2020-11-09T13:20:46+00:00","breadcrumb":{"@id":"https:\/\/algarvtennis.com\/pt-pt\/testemunhos\/#breadcrumb"},"inLanguage":"pt-PT","potentialAction":[{"@type":"ReadAction","target":["https:\/\/algarvtennis.com\/pt-pt\/testemunhos\/"]}]},{"@type":"BreadcrumbList","@id":"https:\/\/algarvtennis.com\/pt-pt\/testemunhos\/#breadcrumb","itemListElement":[{"@type":"ListItem","position":1,"name":"Home","item":"https:\/\/algarvtennis.com\/pt-pt\/algarvtennis-homepage\/"},{"@type":"ListItem","position":2,"name":"Testemunhos"}]},{"@type":"ImageObject","@id":"https:\/\/algarvtennis.com\/pt-pt\/testemunhos\/#local-main-organization-logo","inLanguage":"pt-PT","url":"https:\/\/algarvtennis.com\/wp-content\/uploads\/2019\/08\/algarvtennis-logo.png","contentUrl":"https:\/\/algarvtennis.com\/wp-content\/uploads\/2019\/08\/algarvtennis-logo.png","width":270,"height":83,"caption":"Algarvtennis - Tennis Court Contractor"}]}},"_links":{"self":[{"href":"https:\/\/algarvtennis.com\/pt-pt\/wp-json\/wp\/v2\/pages\/12490"}],"collection":[{"href":"https:\/\/algarvtennis.com\/pt-pt\/wp-json\/wp\/v2\/pages"}],"about":[{"href":"https:\/\/algarvtennis.com\/pt-pt\/wp-json\/wp\/v2\/types\/page"}],"author":[{"embeddable":true,"href":"https:\/\/algarvtennis.com\/pt-pt\/wp-json\/wp\/v2\/users\/1"}],"replies":[{"embeddable":true,"href":"https:\/\/algarvtennis.com\/pt-pt\/wp-json\/wp\/v2\/comments?post=12490"}],"version-history":[{"count":16,"href":"https:\/\/algarvtennis.com\/pt-pt\/wp-json\/wp\/v2\/pages\/12490\/revisions"}],"predecessor-version":[{"id":12564,"href":"https:\/\/algarvtennis.com\/pt-pt\/wp-json\/wp\/v2\/pages\/12490\/revisions\/12564"}],"wp:attachment":[{"href":"https:\/\/algarvtennis.com\/pt-pt\/wp-json\/wp\/v2\/media?parent=12490"}],"curies":[{"name":"wp","href":"https:\/\/api.w.org\/{rel}","templated":true}]}}