{"id":12462,"date":"2020-10-31T17:05:30","date_gmt":"2020-10-31T16:05:30","guid":{"rendered":"https:\/\/algarvtennis.com\/contactos\/"},"modified":"2020-11-14T15:48:33","modified_gmt":"2020-11-14T14:48:33","slug":"contactos","status":"publish","type":"page","link":"https:\/\/algarvtennis.com\/pt-pt\/contactos\/","title":{"rendered":"Contactos"},"content":{"rendered":"<div class=\"fusion-fullwidth fullwidth-box fusion-builder-row-1 hundred-percent-fullwidth non-hundred-percent-height-scrolling\" style=\"background-color: #ffffff;background-position: center center;background-repeat: no-repeat;padding-top:0px;padding-right:0px;padding-bottom:0px;padding-left:0px;margin-bottom: 0px;margin-top: 0px;border-width: 0px 0px 0px 0px;border-color:#eae9e9;border-style:solid;\" ><div class=\"fusion-builder-row fusion-row\"><div class=\"fusion-layout-column fusion_builder_column fusion-builder-column-0 fusion_builder_column_1_1 1_1 fusion-one-full fusion-column-first fusion-column-last fusion-column-no-min-height\" style=\"margin-top:0px;margin-bottom:0px;\"><div class=\"fusion-column-wrapper fusion-flex-column-wrapper-legacy\" style=\"background-position:left top;background-repeat:no-repeat;-webkit-background-size:cover;-moz-background-size:cover;-o-background-size:cover;background-size:cover;padding: 0px 0px 0px 0px;\"><style type=\"text\/css\"><\/style><div class=\"fusion-title title fusion-title-1 fusion-title-text fusion-title-size-two\" style=\"margin-top:0px;margin-right:0px;margin-bottom:31px;margin-left:0px;\"><h2 class=\"title-heading-left\" style=\"margin:0;\">Gostar\u00edamos ouvir-te, entrar em contacto connosco!<\/h2><span class=\"awb-title-spacer\"><\/span><div class=\"title-sep-container\"><div class=\"title-sep sep-double sep-solid\" style=\"border-color:#e0dede;\"><\/div><\/div><\/div><div class=\"fusion-text fusion-text-1\"><p>&#8220;N\u00e3o h\u00e1 nada melhor do que trabalhar com boas pessoas&#8221;.<\/p>\n<p>Pode contactar-nos atrav\u00e9s do email <a href=\"mailto:alex@algarvtennis.com\">alex@algarvtennis.com.<\/a> Para mais informa\u00e7\u00f5es de contacto, consulte o lado direito desta p\u00e1gina.<\/p>\n<p>Se tiver um projeto espec\u00edfico de que gostaria de falar, ou se quiser informa\u00e7\u00f5es sobre como podemos ajud\u00e1-lo a construir um campo de t\u00e9nis, um putting green ou qualquer supef\u00edcie com relva artificial, basta preencher o formul\u00e1rio abaixo e entraremos em conta o mais r\u00e1pido poss\u00edvel. Al\u00e9m disso, se tiver algum feedback sobre o trabalho que fizemos, ou apenas quiser dizer ol\u00e1, sinta-se \u00e0 vontade.<\/p>\n<\/div><div class=\"fusion-sep-clear\"><\/div><div class=\"fusion-separator fusion-full-width-sep\" style=\"margin-left: auto;margin-right: auto;margin-top:20px;width:100%;\"><\/div><div class=\"fusion-sep-clear\"><\/div><div class=\"fusion-clearfix\"><\/div><\/div><\/div><\/div><\/div>\n","protected":false},"excerpt":{"rendered":"","protected":false},"author":1,"featured_media":0,"parent":0,"menu_order":0,"comment_status":"open","ping_status":"open","template":"contact.php","meta":[],"acf":[],"yoast_head":"<!-- This site is optimized with the Yoast SEO Premium plugin v17.9 (Yoast SEO v17.9) - https:\/\/yoast.com\/wordpress\/plugins\/seo\/ -->\n<title>Contactos - AlgarvTennis, Tennis Court Contractor and Synthetic Grass Solutions<\/title>\n<meta name=\"robots\" content=\"index, follow, max-snippet:-1, max-image-preview:large, max-video-preview:-1\" \/>\n<link rel=\"canonical\" href=\"https:\/\/algarvtennis.com\/pt-pt\/contactos\/\" \/>\n<meta property=\"og:locale\" content=\"pt_PT\" \/>\n<meta property=\"og:type\" content=\"article\" \/>\n<meta property=\"og:title\" content=\"Contactos\" \/>\n<meta property=\"og:url\" content=\"https:\/\/algarvtennis.com\/pt-pt\/contactos\/\" \/>\n<meta property=\"og:site_name\" content=\"AlgarvTennis, Tennis Court Contractor and Synthetic Grass Solutions\" \/>\n<meta property=\"article:publisher\" content=\"https:\/\/www.facebook.com\/Algarvtennis-sports-surfaces-construction-820243491355144\/\" \/>\n<meta property=\"article:modified_time\" content=\"2020-11-14T14:48:33+00:00\" \/>\n<meta name=\"twitter:card\" content=\"summary_large_image\" \/>\n<meta name=\"twitter:label1\" content=\"Tempo estimado de leitura\" \/>\n\t<meta name=\"twitter:data1\" content=\"2 minutos\" \/>\n<script type=\"application\/ld+json\" class=\"yoast-schema-graph\">{\"@context\":\"https:\/\/schema.org\",\"@graph\":[{\"@type\":[\"Organization\",\"Place\"],\"@id\":\"https:\/\/algarvtennis.com\/#organization\",\"name\":\"Algarvtennis - Tennis Court Contractor\",\"url\":\"https:\/\/algarvtennis.com\/\",\"sameAs\":[\"https:\/\/www.facebook.com\/Algarvtennis-sports-surfaces-construction-820243491355144\/\",\"https:\/\/www.instagram.com\/algarv_tennis\/\"],\"logo\":{\"@id\":\"https:\/\/algarvtennis.com\/pt-pt\/contactos\/#local-main-organization-logo\"},\"image\":{\"@id\":\"https:\/\/algarvtennis.com\/pt-pt\/contactos\/#local-main-organization-logo\"},\"openingHoursSpecification\":[{\"@type\":\"OpeningHoursSpecification\",\"dayOfWeek\":[\"Monday\",\"Tuesday\",\"Wednesday\",\"Thursday\",\"Friday\",\"Saturday\",\"Sunday\"],\"opens\":\"09:00\",\"closes\":\"17:00\"}]},{\"@type\":\"WebSite\",\"@id\":\"https:\/\/algarvtennis.com\/#website\",\"url\":\"https:\/\/algarvtennis.com\/\",\"name\":\"AlgarvTennis, Tennis Court Contractor and Synthetic Grass Solutions\",\"description\":\"Sports Surfaces and Syntethic Grass Installation in the Algarve, Portugal\",\"publisher\":{\"@id\":\"https:\/\/algarvtennis.com\/#organization\"},\"potentialAction\":[{\"@type\":\"SearchAction\",\"target\":{\"@type\":\"EntryPoint\",\"urlTemplate\":\"https:\/\/algarvtennis.com\/?s={search_term_string}\"},\"query-input\":\"required name=search_term_string\"}],\"inLanguage\":\"pt-PT\"},{\"@type\":\"WebPage\",\"@id\":\"https:\/\/algarvtennis.com\/pt-pt\/contactos\/#webpage\",\"url\":\"https:\/\/algarvtennis.com\/pt-pt\/contactos\/\",\"name\":\"Contactos - AlgarvTennis, Tennis Court Contractor and Synthetic Grass Solutions\",\"isPartOf\":{\"@id\":\"https:\/\/algarvtennis.com\/#website\"},\"datePublished\":\"2020-10-31T16:05:30+00:00\",\"dateModified\":\"2020-11-14T14:48:33+00:00\",\"breadcrumb\":{\"@id\":\"https:\/\/algarvtennis.com\/pt-pt\/contactos\/#breadcrumb\"},\"inLanguage\":\"pt-PT\",\"potentialAction\":[{\"@type\":\"ReadAction\",\"target\":[\"https:\/\/algarvtennis.com\/pt-pt\/contactos\/\"]}]},{\"@type\":\"BreadcrumbList\",\"@id\":\"https:\/\/algarvtennis.com\/pt-pt\/contactos\/#breadcrumb\",\"itemListElement\":[{\"@type\":\"ListItem\",\"position\":1,\"name\":\"Home\",\"item\":\"https:\/\/algarvtennis.com\/pt-pt\/algarvtennis-homepage\/\"},{\"@type\":\"ListItem\",\"position\":2,\"name\":\"Contactos\"}]},{\"@type\":\"ImageObject\",\"@id\":\"https:\/\/algarvtennis.com\/pt-pt\/contactos\/#local-main-organization-logo\",\"inLanguage\":\"pt-PT\",\"url\":\"https:\/\/algarvtennis.com\/wp-content\/uploads\/2019\/08\/algarvtennis-logo.png\",\"contentUrl\":\"https:\/\/algarvtennis.com\/wp-content\/uploads\/2019\/08\/algarvtennis-logo.png\",\"width\":270,\"height\":83,\"caption\":\"Algarvtennis - Tennis Court Contractor\"}]}<\/script>\n<!-- \/ Yoast SEO Premium plugin. -->","yoast_head_json":{"title":"Contactos - AlgarvTennis, Tennis Court Contractor and Synthetic Grass Solutions","robots":{"index":"index","follow":"follow","max-snippet":"max-snippet:-1","max-image-preview":"max-image-preview:large","max-video-preview":"max-video-preview:-1"},"canonical":"https:\/\/algarvtennis.com\/pt-pt\/contactos\/","og_locale":"pt_PT","og_type":"article","og_title":"Contactos","og_url":"https:\/\/algarvtennis.com\/pt-pt\/contactos\/","og_site_name":"AlgarvTennis, Tennis Court Contractor and Synthetic Grass Solutions","article_publisher":"https:\/\/www.facebook.com\/Algarvtennis-sports-surfaces-construction-820243491355144\/","article_modified_time":"2020-11-14T14:48:33+00:00","twitter_card":"summary_large_image","twitter_misc":{"Tempo estimado de leitura":"2 minutos"},"schema":{"@context":"https:\/\/schema.org","@graph":[{"@type":["Organization","Place"],"@id":"https:\/\/algarvtennis.com\/#organization","name":"Algarvtennis - Tennis Court Contractor","url":"https:\/\/algarvtennis.com\/","sameAs":["https:\/\/www.facebook.com\/Algarvtennis-sports-surfaces-construction-820243491355144\/","https:\/\/www.instagram.com\/algarv_tennis\/"],"logo":{"@id":"https:\/\/algarvtennis.com\/pt-pt\/contactos\/#local-main-organization-logo"},"image":{"@id":"https:\/\/algarvtennis.com\/pt-pt\/contactos\/#local-main-organization-logo"},"openingHoursSpecification":[{"@type":"OpeningHoursSpecification","dayOfWeek":["Monday","Tuesday","Wednesday","Thursday","Friday","Saturday","Sunday"],"opens":"09:00","closes":"17:00"}]},{"@type":"WebSite","@id":"https:\/\/algarvtennis.com\/#website","url":"https:\/\/algarvtennis.com\/","name":"AlgarvTennis, Tennis Court Contractor and Synthetic Grass Solutions","description":"Sports Surfaces and Syntethic Grass Installation in the Algarve, Portugal","publisher":{"@id":"https:\/\/algarvtennis.com\/#organization"},"potentialAction":[{"@type":"SearchAction","target":{"@type":"EntryPoint","urlTemplate":"https:\/\/algarvtennis.com\/?s={search_term_string}"},"query-input":"required name=search_term_string"}],"inLanguage":"pt-PT"},{"@type":"WebPage","@id":"https:\/\/algarvtennis.com\/pt-pt\/contactos\/#webpage","url":"https:\/\/algarvtennis.com\/pt-pt\/contactos\/","name":"Contactos - AlgarvTennis, Tennis Court Contractor and Synthetic Grass Solutions","isPartOf":{"@id":"https:\/\/algarvtennis.com\/#website"},"datePublished":"2020-10-31T16:05:30+00:00","dateModified":"2020-11-14T14:48:33+00:00","breadcrumb":{"@id":"https:\/\/algarvtennis.com\/pt-pt\/contactos\/#breadcrumb"},"inLanguage":"pt-PT","potentialAction":[{"@type":"ReadAction","target":["https:\/\/algarvtennis.com\/pt-pt\/contactos\/"]}]},{"@type":"BreadcrumbList","@id":"https:\/\/algarvtennis.com\/pt-pt\/contactos\/#breadcrumb","itemListElement":[{"@type":"ListItem","position":1,"name":"Home","item":"https:\/\/algarvtennis.com\/pt-pt\/algarvtennis-homepage\/"},{"@type":"ListItem","position":2,"name":"Contactos"}]},{"@type":"ImageObject","@id":"https:\/\/algarvtennis.com\/pt-pt\/contactos\/#local-main-organization-logo","inLanguage":"pt-PT","url":"https:\/\/algarvtennis.com\/wp-content\/uploads\/2019\/08\/algarvtennis-logo.png","contentUrl":"https:\/\/algarvtennis.com\/wp-content\/uploads\/2019\/08\/algarvtennis-logo.png","width":270,"height":83,"caption":"Algarvtennis - Tennis Court Contractor"}]}},"_links":{"self":[{"href":"https:\/\/algarvtennis.com\/pt-pt\/wp-json\/wp\/v2\/pages\/12462"}],"collection":[{"href":"https:\/\/algarvtennis.com\/pt-pt\/wp-json\/wp\/v2\/pages"}],"about":[{"href":"https:\/\/algarvtennis.com\/pt-pt\/wp-json\/wp\/v2\/types\/page"}],"author":[{"embeddable":true,"href":"https:\/\/algarvtennis.com\/pt-pt\/wp-json\/wp\/v2\/users\/1"}],"replies":[{"embeddable":true,"href":"https:\/\/algarvtennis.com\/pt-pt\/wp-json\/wp\/v2\/comments?post=12462"}],"version-history":[{"count":8,"href":"https:\/\/algarvtennis.com\/pt-pt\/wp-json\/wp\/v2\/pages\/12462\/revisions"}],"predecessor-version":[{"id":12587,"href":"https:\/\/algarvtennis.com\/pt-pt\/wp-json\/wp\/v2\/pages\/12462\/revisions\/12587"}],"wp:attachment":[{"href":"https:\/\/algarvtennis.com\/pt-pt\/wp-json\/wp\/v2\/media?parent=12462"}],"curies":[{"name":"wp","href":"https:\/\/api.w.org\/{rel}","templated":true}]}}